{"id":14,"date":"2016-01-26T18:33:03","date_gmt":"2016-01-26T17:33:03","guid":{"rendered":"http:\/\/www.saintpierrett.fr\/?page_id=14"},"modified":"2023-09-05T19:25:17","modified_gmt":"2023-09-05T18:25:17","slug":"les-entraineurs","status":"publish","type":"page","link":"https:\/\/www.valencinpierre.fr\/index.php\/les-entraineurs\/","title":{"rendered":"Les entra\u00eeneurs"},"content":{"rendered":"<p><strong>Florian Leblanc<\/strong> entraine les jeunes et les adultes le mercredi \u00e0\u00a0 St Pierre de Chandieu et le mardi \u00e0 Valencin. Florian est un joueur form\u00e9 au club, titulaire du BPJEPS, sp\u00e9cialit\u00e9 tennis de table (anciennement : brevet d&rsquo;\u00e9tat).<\/p>\n","protected":false},"excerpt":{"rendered":"<p>Florian Leblanc entraine les jeunes et les adultes le mercredi \u00e0\u00a0 St Pierre de Chandieu et le mardi \u00e0 Valencin. Florian est un joueur form\u00e9 au club, titulaire du BPJEPS, sp\u00e9cialit\u00e9 tennis<a class=\"moretag\" href=\"https:\/\/www.valencinpierre.fr\/index.php\/les-entraineurs\/\">Read More&#8230;<\/a><\/p>\n","protected":false},"author":1,"featured_media":0,"parent":0,"menu_order":0,"comment_status":"closed","ping_status":"closed","template":"","meta":{"footnotes":""},"class_list":["post-14","page","type-page","status-publish","hentry"],"_links":{"self":[{"href":"https:\/\/www.valencinpierre.fr\/index.php\/wp-json\/wp\/v2\/pages\/14","targetHints":{"allow":["GET"]}}],"collection":[{"href":"https:\/\/www.valencinpierre.fr\/index.php\/wp-json\/wp\/v2\/pages"}],"about":[{"href":"https:\/\/www.valencinpierre.fr\/index.php\/wp-json\/wp\/v2\/types\/page"}],"author":[{"embeddable":true,"href":"https:\/\/www.valencinpierre.fr\/index.php\/wp-json\/wp\/v2\/users\/1"}],"replies":[{"embeddable":true,"href":"https:\/\/www.valencinpierre.fr\/index.php\/wp-json\/wp\/v2\/comments?post=14"}],"version-history":[{"count":20,"href":"https:\/\/www.valencinpierre.fr\/index.php\/wp-json\/wp\/v2\/pages\/14\/revisions"}],"predecessor-version":[{"id":10378,"href":"https:\/\/www.valencinpierre.fr\/index.php\/wp-json\/wp\/v2\/pages\/14\/revisions\/10378"}],"wp:attachment":[{"href":"https:\/\/www.valencinpierre.fr\/index.php\/wp-json\/wp\/v2\/media?parent=14"}],"curies":[{"name":"wp","href":"https:\/\/api.w.org\/{rel}","templated":true}]}}