{"id":24,"date":"2016-01-26T18:39:46","date_gmt":"2016-01-26T17:39:46","guid":{"rendered":"http:\/\/www.saintpierrett.fr\/?page_id=24"},"modified":"2024-06-30T15:52:37","modified_gmt":"2024-06-30T14:52:37","slug":"les-horaires","status":"publish","type":"page","link":"https:\/\/www.valencinpierre.fr\/index.php\/les-horaires\/","title":{"rendered":"Les horaires"},"content":{"rendered":"<p><strong>Mardi<\/strong> : <em>entrainement dirig\u00e9<\/em><\/p>\n<ul>\n<li>18H00-19H00 \u00e0 Valencin pour les 8-15 ans<\/li>\n<\/ul>\n<p><strong>Mercredi<\/strong> : <em>entrainement dirig\u00e9<\/em><\/p>\n<ul>\n<li>18H30-19H30 \u00e0\u00a0 St Pierre de Chandieu pour les 8-15 ans<\/li>\n<li>19H30-21H30 \u00e0\u00a0 St Pierre de Chandieu pour les adultes (16 ans+)<\/li>\n<\/ul>\n<p><strong>Vendredi<\/strong> : <em>entrainement libre<\/em><\/p>\n<ul>\n<li>20H30-22H30 \u00e0\u00a0 Valencin pour les adultes (16 ans+)<\/li>\n<\/ul>\n<p><strong>Championnat par \u00e9quipes :<\/strong><\/p>\n<ul>\n<li>dimanche 9H-13H00<\/li>\n<\/ul>\n<p><strong>Championnat jeunes :<\/strong><\/p>\n<ul>\n<li>dimanche 14H-16H00 ou 16H-18H00 :<br \/>\nsaison 2024-2025 : (pas encore connu)<\/li>\n<\/ul>\n","protected":false},"excerpt":{"rendered":"<p>Mardi : entrainement dirig\u00e9 18H00-19H00 \u00e0 Valencin pour les 8-15 ans Mercredi : entrainement dirig\u00e9 18H30-19H30 \u00e0\u00a0 St Pierre de Chandieu pour les 8-15 ans 19H30-21H30 \u00e0\u00a0 St Pierre de Chandieu pour<a class=\"moretag\" href=\"https:\/\/www.valencinpierre.fr\/index.php\/les-horaires\/\">Read More&#8230;<\/a><\/p>\n","protected":false},"author":1,"featured_media":0,"parent":0,"menu_order":0,"comment_status":"closed","ping_status":"closed","template":"","meta":{"footnotes":""},"class_list":["post-24","page","type-page","status-publish","hentry"],"_links":{"self":[{"href":"https:\/\/www.valencinpierre.fr\/index.php\/wp-json\/wp\/v2\/pages\/24","targetHints":{"allow":["GET"]}}],"collection":[{"href":"https:\/\/www.valencinpierre.fr\/index.php\/wp-json\/wp\/v2\/pages"}],"about":[{"href":"https:\/\/www.valencinpierre.fr\/index.php\/wp-json\/wp\/v2\/types\/page"}],"author":[{"embeddable":true,"href":"https:\/\/www.valencinpierre.fr\/index.php\/wp-json\/wp\/v2\/users\/1"}],"replies":[{"embeddable":true,"href":"https:\/\/www.valencinpierre.fr\/index.php\/wp-json\/wp\/v2\/comments?post=24"}],"version-history":[{"count":13,"href":"https:\/\/www.valencinpierre.fr\/index.php\/wp-json\/wp\/v2\/pages\/24\/revisions"}],"predecessor-version":[{"id":10413,"href":"https:\/\/www.valencinpierre.fr\/index.php\/wp-json\/wp\/v2\/pages\/24\/revisions\/10413"}],"wp:attachment":[{"href":"https:\/\/www.valencinpierre.fr\/index.php\/wp-json\/wp\/v2\/media?parent=24"}],"curies":[{"name":"wp","href":"https:\/\/api.w.org\/{rel}","templated":true}]}}