{"id":27,"date":"2016-01-26T18:40:25","date_gmt":"2016-01-26T17:40:25","guid":{"rendered":"http:\/\/www.saintpierrett.fr\/?page_id=27"},"modified":"2018-10-07T17:13:23","modified_gmt":"2018-10-07T16:13:23","slug":"les-salles","status":"publish","type":"page","link":"https:\/\/www.valencinpierre.fr\/index.php\/les-salles\/","title":{"rendered":"Les salles"},"content":{"rendered":"<p>Les entra\u00eenements du mercredi ont lieu au <strong>gymnase de Saint Pierre de Chandieu<\/strong>. Cette salle est \u00e9quip\u00e9e de 12 tables et de gradins pour recevoir le public.<\/p>\n<p><img loading=\"lazy\" decoding=\"async\" class=\"alignnone size-full wp-image-109\" src=\"http:\/\/www.valencinpierre.fr\/wp-content\/uploads\/2016\/02\/plan-acces-gymnase-St-Pierre.png\" alt=\"\" width=\"1000\" height=\"544\" srcset=\"https:\/\/www.valencinpierre.fr\/wp-content\/uploads\/2016\/02\/plan-acces-gymnase-St-Pierre.png 1000w, https:\/\/www.valencinpierre.fr\/wp-content\/uploads\/2016\/02\/plan-acces-gymnase-St-Pierre-300x163.png 300w, https:\/\/www.valencinpierre.fr\/wp-content\/uploads\/2016\/02\/plan-acces-gymnase-St-Pierre-768x418.png 768w\" sizes=\"auto, (max-width: 1000px) 100vw, 1000px\" \/><\/p>\n<p>&nbsp;<\/p>\n<p>Les entra\u00eenements du mardi, du vendredi et les matchs ont lieu dans la <strong>salle sportive de Valencin<\/strong>. Cette salle est \u00e9quip\u00e9e de 10 tables, d&rsquo;un espace bar pour les apr\u00e8s match et de gradins pour recevoir le public.<\/p>\n<p><img loading=\"lazy\" decoding=\"async\" class=\"alignnone size-full wp-image-110\" src=\"http:\/\/www.valencinpierre.fr\/wp-content\/uploads\/2016\/02\/plan-acces-gymnase-Valencin.png\" alt=\"plan d'acc\u00e8s au gymnase Valencin\" width=\"1028\" height=\"580\" srcset=\"https:\/\/www.valencinpierre.fr\/wp-content\/uploads\/2016\/02\/plan-acces-gymnase-Valencin.png 1028w, https:\/\/www.valencinpierre.fr\/wp-content\/uploads\/2016\/02\/plan-acces-gymnase-Valencin-300x169.png 300w, https:\/\/www.valencinpierre.fr\/wp-content\/uploads\/2016\/02\/plan-acces-gymnase-Valencin-768x433.png 768w, https:\/\/www.valencinpierre.fr\/wp-content\/uploads\/2016\/02\/plan-acces-gymnase-Valencin-1024x578.png 1024w\" sizes=\"auto, (max-width: 1028px) 100vw, 1028px\" \/><\/p>\n","protected":false},"excerpt":{"rendered":"<p>Les entra\u00eenements du mercredi ont lieu au gymnase de Saint Pierre de Chandieu. Cette salle est \u00e9quip\u00e9e de 12 tables et de gradins pour recevoir le public. &nbsp; Les entra\u00eenements du mardi,<a class=\"moretag\" href=\"https:\/\/www.valencinpierre.fr\/index.php\/les-salles\/\">Read More&#8230;<\/a><\/p>\n","protected":false},"author":1,"featured_media":0,"parent":0,"menu_order":0,"comment_status":"closed","ping_status":"closed","template":"","meta":{"footnotes":""},"class_list":["post-27","page","type-page","status-publish","hentry"],"_links":{"self":[{"href":"https:\/\/www.valencinpierre.fr\/index.php\/wp-json\/wp\/v2\/pages\/27","targetHints":{"allow":["GET"]}}],"collection":[{"href":"https:\/\/www.valencinpierre.fr\/index.php\/wp-json\/wp\/v2\/pages"}],"about":[{"href":"https:\/\/www.valencinpierre.fr\/index.php\/wp-json\/wp\/v2\/types\/page"}],"author":[{"embeddable":true,"href":"https:\/\/www.valencinpierre.fr\/index.php\/wp-json\/wp\/v2\/users\/1"}],"replies":[{"embeddable":true,"href":"https:\/\/www.valencinpierre.fr\/index.php\/wp-json\/wp\/v2\/comments?post=27"}],"version-history":[{"count":6,"href":"https:\/\/www.valencinpierre.fr\/index.php\/wp-json\/wp\/v2\/pages\/27\/revisions"}],"predecessor-version":[{"id":578,"href":"https:\/\/www.valencinpierre.fr\/index.php\/wp-json\/wp\/v2\/pages\/27\/revisions\/578"}],"wp:attachment":[{"href":"https:\/\/www.valencinpierre.fr\/index.php\/wp-json\/wp\/v2\/media?parent=27"}],"curies":[{"name":"wp","href":"https:\/\/api.w.org\/{rel}","templated":true}]}}