{"id":38,"date":"2016-01-26T18:43:57","date_gmt":"2016-01-26T17:43:57","guid":{"rendered":"http:\/\/www.saintpierrett.fr\/?page_id=38"},"modified":"2025-06-22T15:56:26","modified_gmt":"2025-06-22T14:56:26","slug":"evenements","status":"publish","type":"page","link":"https:\/\/www.valencinpierre.fr\/index.php\/evenements\/","title":{"rendered":"Ev\u00e8nements"},"content":{"rendered":"<div class=\"entry-content\">\n<p>En marge des activit\u00e9s purement sportives, nous organisons chaque ann\u00e9e plusieurs \u00e9v\u00e8nements dont le succ\u00e8s ne se d\u00e9ment pas :<\/p>\n<p><strong>Journ\u00e9e sports de raquettes \u00e0 St Pierre de Chandieu:<\/strong><\/p>\n<p>D\u00e9couvrez les sports de raquette ! Date 2025 \u00e0 venir &#8230;<\/p>\n<\/div>\n<p><strong>D\u00e9fi sans \u00e9cran \u00e0 Valencin :<\/strong><\/p>\n<p>Nous sommes pr\u00e9sents depuis l&rsquo;\u00e9dition 2019, nous serons encore l\u00e0 en 2026 ! Montrons aux enfants qu&rsquo;il n&rsquo;y a pas que XTok et SnapGram dans la vie !<\/p>\n<div class=\"entry-content\">\n<p><strong>Boudin \u00e0 Valencin :<\/strong><\/p>\n<p>cuit \u00e0\u00a0 la chaudi\u00e8re et vendu sur la place du foyer Montagnon \u00e0\u00a0 Valencin, <strong>le 9 novembre 2025<\/strong>. <em>Le bon boudin, c&rsquo;est \u00e0\u00a0 Valencin !<\/em><\/p>\n<p><strong>Tournoi :<\/strong><\/p>\n<p>avec les licenci\u00e9s, les parents, les enfants.\u00a6 Par \u00e9quipes de deux, dans une ambiance conviviale le <strong>28 juin 2026<\/strong>.<\/p>\n<p><strong>Barbecue :<\/strong><\/p>\n<p>apr\u00e8s le tournoi, avec les m\u00eames et plus encore, au bord de l&rsquo;\u00e9tang ou ailleurs, mais au soleil !<\/p>\n<p><strong>Et d&rsquo;autre surprises \u00e0 venir !<\/strong><\/p>\n<\/div>\n<div class=\"entry-content\"><\/div>\n","protected":false},"excerpt":{"rendered":"<p>En marge des activit\u00e9s purement sportives, nous organisons chaque ann\u00e9e plusieurs \u00e9v\u00e8nements dont le succ\u00e8s ne se d\u00e9ment pas : Journ\u00e9e sports de raquettes \u00e0 St Pierre de Chandieu: D\u00e9couvrez les sports<a class=\"moretag\" href=\"https:\/\/www.valencinpierre.fr\/index.php\/evenements\/\">Read More&#8230;<\/a><\/p>\n","protected":false},"author":1,"featured_media":0,"parent":0,"menu_order":0,"comment_status":"closed","ping_status":"closed","template":"","meta":{"footnotes":""},"class_list":["post-38","page","type-page","status-publish","hentry"],"_links":{"self":[{"href":"https:\/\/www.valencinpierre.fr\/index.php\/wp-json\/wp\/v2\/pages\/38","targetHints":{"allow":["GET"]}}],"collection":[{"href":"https:\/\/www.valencinpierre.fr\/index.php\/wp-json\/wp\/v2\/pages"}],"about":[{"href":"https:\/\/www.valencinpierre.fr\/index.php\/wp-json\/wp\/v2\/types\/page"}],"author":[{"embeddable":true,"href":"https:\/\/www.valencinpierre.fr\/index.php\/wp-json\/wp\/v2\/users\/1"}],"replies":[{"embeddable":true,"href":"https:\/\/www.valencinpierre.fr\/index.php\/wp-json\/wp\/v2\/comments?post=38"}],"version-history":[{"count":20,"href":"https:\/\/www.valencinpierre.fr\/index.php\/wp-json\/wp\/v2\/pages\/38\/revisions"}],"predecessor-version":[{"id":10487,"href":"https:\/\/www.valencinpierre.fr\/index.php\/wp-json\/wp\/v2\/pages\/38\/revisions\/10487"}],"wp:attachment":[{"href":"https:\/\/www.valencinpierre.fr\/index.php\/wp-json\/wp\/v2\/media?parent=38"}],"curies":[{"name":"wp","href":"https:\/\/api.w.org\/{rel}","templated":true}]}}